{"id":33,"date":"2008-12-12T18:46:04","date_gmt":"2008-12-12T17:46:04","guid":{"rendered":"http:\/\/www.ttclauchringen.de\/?page_id=33"},"modified":"2008-12-12T18:47:21","modified_gmt":"2008-12-12T17:47:21","slug":"chronik-2","status":"publish","type":"page","link":"https:\/\/www.ttclauchringen.de\/?page_id=33","title":{"rendered":"Chronik &#8211; Kapitel 2"},"content":{"rendered":"<h1>Kapitel 2: Die erste Saison<\/h1>\n<p>Der TTC Lauchringen startet mit einer Herrenmannschaft in die erste Saison. In dieser Mannschaft spielen Dirk Sch\u00f6nle, Dirk Salzmann, Markus Kohlbrenner, J\u00f6rn Rowinski, Karl-Heinz Weiss, Matthias Meier, G\u00fcnter Salzmann und Sascha Wernicke (Nie zum Einsatz kamen J\u00f6rg Maximilian und David Zerjeski). Ziel ist der sofortige Aufstieg in die Kreisklasse B.<\/p>\n<p>Die Saison scheint mit einem Fehlstart zu beginnen, denn im ersten Spiel liegt die Mannschaft gegen Laufenburg III schnell mit 4:0 im R\u00fcckstand. Doch trotz einer schweren Verletzung erk\u00e4mpfen wir noch ein Unentschieden. Die n\u00e4chsten Spiele gegen Sch\u00f6nau-Todtnau III, Eichsel III und Murg II werden klar gewonnen, und es zeichnet sich ab, da\u00c4 es nur drei ernstzunehmende Gegner im Kampf um den Aufstieg gibt : Laufenburg, St. Bl\u00f6dsinn Blasien und Brombach. Nachdem wir gegen f\u00fcnf Grenzacher &#8211; die eine Dreiviertelstunde lang die Halle gesucht haben &#8211; den ersten 9:0 &#8211; Sieg der Vereinsgeschichte feierten, geht es in die zwei entscheidenden Spiele gegen Brombach und St. Blasien. \u00c4berraschend klar gewinnen wir beide Spiele 9:4 &#8211; der TTC Lauchringen ist Herbstmeister.<\/p>\n<p>In der R\u00fcckrunde wird gleich zu Beginn mit einem weiteren 9:4 &#8211; Sieg gegen Laufenburg in Sachen Aufstieg fast alles klargemacht &#8211; was trotzdem keine Entschuldigung ist, die Mann-schaftskasse in der &#8222;Linde&#8220; zu vergessen ! Es folgt ein peinlicher Auftritt in Eichsel ( 9:7 ), wo alle nur an die Tschutterei hinterher denken und wo wir danach in einer Pizzeria landen, wo mit Akkordeon und Volksmusik eine Hochzeit gefeiert wird. Schlie\u00c4lich erreichen wir im R\u00fcckspiel gegen St. Blasien ein Unentschieden (weil das Doppel Sch\u00f6nle\/Rowinski mal wieder versagt) und sind damit fast sicher Meister. Gefeiert wird im Hause Salzmann nach dem Spiel gegen Brombach, das mit 9:7 nochmals unn\u00f6tig eng wird. Bei dieser Meisterschaftsfeier hat der Pr\u00e4sident des Vereins einen etwas unr\u00fchmlichen, weil fr\u00fchen und leicht alkoholisierten Abgang. Den Schlu\u00c4punkt der ersten Saison bildet das Spiel in Kandern, das auch m\u00e4\u00c4ig beginnt, das wir aber nach einem 3:5 &#8211; R\u00fcckstand doch noch 9:5 gewinnen.<\/p>\n<p>Die Bilanzen dieses erfolgreichen Jahres k\u00f6nnen sich durchaus sehen lassen: Dirk Sch\u00f6nle ist mit 31:0 Siegen bester Spieler im vorderen Paarkreuz, Markus Kohlbrenner belegt mit 13:3 Spielen vorne den 5., in der Mitte mit 12:0 Spielen den 2. Platz. Matthias Meier ist zweitbester Spieler im hinteren Paarkreuz (15:5), und mit 17:2 Spielen sind Dirk Sch\u00f6nle und J\u00f6rn Rowinski das\u00c2\u00a0beste Doppel der Liga.<\/p>\n<p><img loading=\"lazy\" decoding=\"async\" class=\"aligncenter\" title=\"Zeitung\" src=\"..\/Images\/Chronik\/Zeitung_S4.jpg\" alt=\"\" width=\"600\" height=\"509\" \/><\/p>\n<p align=\"center\"><img loading=\"lazy\" decoding=\"async\" class=\"aligncenter\" title=\"Doppel\" src=\"..\/Images\/Chronik\/Doppel_S4.jpg\" alt=\"\" width=\"600\" height=\"410\" \/><\/p>\n<p>\u00c2\u00a0<\/p>\n<p align=\"center\">\u00c2\u00a0<\/p>\n","protected":false},"excerpt":{"rendered":"<p>Kapitel 2: Die erste Saison Der TTC Lauchringen startet mit einer Herrenmannschaft in die erste Saison. In dieser Mannschaft spielen Dirk Sch\u00f6nle, Dirk Salzmann, Markus Kohlbrenner, J\u00f6rn Rowinski, Karl-Heinz Weiss, Matthias Meier, G\u00fcnter Salzmann und Sascha Wernicke (Nie zum Einsatz kamen J\u00f6rg Maximilian und David Zerjeski). Ziel ist der sofortige Aufstieg in die Kreisklasse B. [&hellip;]<\/p>\n","protected":false},"author":2,"featured_media":0,"parent":13,"menu_order":2,"comment_status":"closed","ping_status":"open","template":"","meta":{"footnotes":""},"class_list":["post-33","page","type-page","status-publish","hentry"],"_links":{"self":[{"href":"https:\/\/www.ttclauchringen.de\/index.php?rest_route=\/wp\/v2\/pages\/33","targetHints":{"allow":["GET"]}}],"collection":[{"href":"https:\/\/www.ttclauchringen.de\/index.php?rest_route=\/wp\/v2\/pages"}],"about":[{"href":"https:\/\/www.ttclauchringen.de\/index.php?rest_route=\/wp\/v2\/types\/page"}],"author":[{"embeddable":true,"href":"https:\/\/www.ttclauchringen.de\/index.php?rest_route=\/wp\/v2\/users\/2"}],"replies":[{"embeddable":true,"href":"https:\/\/www.ttclauchringen.de\/index.php?rest_route=%2Fwp%2Fv2%2Fcomments&post=33"}],"version-history":[{"count":5,"href":"https:\/\/www.ttclauchringen.de\/index.php?rest_route=\/wp\/v2\/pages\/33\/revisions"}],"predecessor-version":[{"id":39,"href":"https:\/\/www.ttclauchringen.de\/index.php?rest_route=\/wp\/v2\/pages\/33\/revisions\/39"}],"up":[{"embeddable":true,"href":"https:\/\/www.ttclauchringen.de\/index.php?rest_route=\/wp\/v2\/pages\/13"}],"wp:attachment":[{"href":"https:\/\/www.ttclauchringen.de\/index.php?rest_route=%2Fwp%2Fv2%2Fmedia&parent=33"}],"curies":[{"name":"wp","href":"https:\/\/api.w.org\/{rel}","templated":true}]}}